  {"id":2410,"date":"2020-10-02T16:26:04","date_gmt":"2020-10-02T14:26:04","guid":{"rendered":"https:\/\/www.mastphotogrant.com\/?page_id=2410"},"modified":"2021-02-03T12:48:39","modified_gmt":"2021-02-03T11:48:39","slug":"visita-in-sicurezza","status":"publish","type":"page","link":"https:\/\/mastphotogrant.com\/it\/visita-in-sicurezza\/","title":{"rendered":"VISITA IN SICUREZZA"},"content":{"rendered":"\n<p>Per garantire una visita in sicurezza alle aree espositive, la Fondazione MAST ha messo a punto misure specifiche per il contenimento del virus COVID-19. Si riportano di seguito le informazioni utili alla visita:<\/p>\n\n\n\n<div style=\"height:34px\" aria-hidden=\"true\" class=\"wp-block-spacer\"><\/div>\n\n\n\n<h4 class=\"wp-block-heading\">NORME DI ACCESSO<\/h4>\n\n\n\n<ul class=\"wp-block-list\"><li>Accesso<strong>&nbsp;solo su&nbsp;<a aria-label=\"undefined (opens in a new tab)\" href=\"https:\/\/www.mast.org\/mpg20-inventions-prenotazione-visite\" target=\"_blank\" rel=\"noreferrer noopener\">prenotazione<\/a>.<\/strong><\/li><li>Per accedere alle aree espositive \u00e8 necessario compilare e sottoscrivere&nbsp;un\u2019<strong>autocertificazione<\/strong>. <\/li><li>L\u2019accesso alle aree espositive \u00e8 contingentato e su prenotazione per&nbsp;<strong>gruppi di&nbsp;8 persone<\/strong>. Ogni gruppo \u00e8 accompagnato da un mediatore culturale in una visita&nbsp;guidata&nbsp;secondo percorsi stabiliti.&nbsp;La&nbsp;<strong>durata media di una visita \u00e8 circa 60 minuti<\/strong>&nbsp;per consentire il flusso in sicurezza.<\/li><li> In ogni sala delle aree espositive potranno accedere contemporaneamente non pi\u00f9 di 8 persone alla volta.<\/li><li>All\u2019ingresso del MAST.Point ai visitatori viene rilevata<strong>&nbsp;la temperatura corporea<\/strong>&nbsp;nel rispetto della normativa sulla privacy. Nel caso di temperatura corporea maggiore o uguale a 37,5\u00b0C l\u2019ingresso non \u00e8 consentito.<\/li><li>I visitatori ricevono all\u2019ingresso una&nbsp;<strong>mascherina chirurgica.<\/strong><\/li><li>\u00c8 obbligatorio indossare la&nbsp;mascherina&nbsp;durante la permanenza nelle aree espositive&nbsp;e in tutti gli spazi interni ed esterni del MAST&nbsp;fatta eccezione per i minori di 6 anni e per i soggetti con forme di disabilit\u00e0 non compatibili con l\u2019uso continuativo della mascherina.&nbsp;Per l\u2019eventuale utilizzo di exhibit\/touch screen della Gallery Tecnologica \u00e8 obbligatorio l\u2019uso di guanti, disponibili all\u2019interno dello spazio espositivo.<\/li><li>I visitatori devono mantenere la&nbsp;<strong>distanza interpersonale di almeno 1 metro<\/strong>&nbsp;durante l\u2019eventuale attesa e in tutti le aree, fatta eccezione per il genitore che accompagna un minore e l\u2019accompagnatore di persone con disabilit\u00e0.<\/li><li>L\u2019accesso alla caffetteria \u00e8 contingentato e il servizio \u00e8 erogato secondo le regole previste per le attivit\u00e0 di somministrazione di alimenti e bevande.<\/li><\/ul>\n\n\n\n<div style=\"height:34px\" aria-hidden=\"true\" class=\"wp-block-spacer\"><\/div>\n\n\n\n<h4 class=\"wp-block-heading\"><h4>INDICAZIONI PER LA VISITA<\/h4><\/h4>\n\n\n\n<ul class=\"wp-block-list\"><li>La visita agli spazi espositivi e nelle aree esterne del MAST deve svolgersi nel rispetto dei&nbsp;<strong>percorsi<\/strong>, della segnaletica e delle indicazioni fornite dal personale. L\u2019entrata e l\u2019uscita dagli spazi espositivi e dalle aree esterne sono distinti per evitare assembramenti.<\/li><li>L\u2019uso degli&nbsp;<strong>ascensori<\/strong>&nbsp;\u00e8&nbsp;riservato a persone con disabilit\u00e0 o difficolt\u00e0 motorie.<\/li><li>L\u2019accesso e l\u2019uscita sono consentiti solo attraverso&nbsp;<strong>scale o rampe.<\/strong><\/li><li>I&nbsp;<strong>materiali cartacei<\/strong>&nbsp;informativi messi a disposizione dei visitatori sono&nbsp;per uso personale..<\/li><li>I visitatori sono invitati a utilizzare le&nbsp;<strong>soluzioni igienizzanti&nbsp;<\/strong>a base di alcol disponibili nelle aree espositive e in caffetteria.<\/li><li>Ai visitatori \u00e8 raccomandato di non toccare occhi, naso e bocca, coprire bocca e naso se si starnutisce o tossisce, lavare le mani dopo aver starnutito o tossito.<\/li><li>\u00c8 consentito l\u2019utilizzo di&nbsp;<strong>armadietti<\/strong>&nbsp;con codice per depositare oggetti personali che verranno riposti in appositi sacchetti.<\/li><\/ul>\n\n\n\n<hr class=\"wp-block-separator\"\/>\n","protected":false},"excerpt":{"rendered":"<p>Per garantire una visita in sicurezza alle aree espositive, la Fondazione MAST ha messo a punto misure specifiche per il contenimento del virus COVID-19. Si riportano di seguito le informazioni utili alla visita: NORME DI ACCESSO Accesso&nbsp;solo su&nbsp;prenotazione. Per accedere alle aree espositive \u00e8 necessario compilare e sottoscrivere&nbsp;un\u2019autocertificazione. L\u2019accesso alle aree espositive \u00e8 contingentato e [&hellip;]<\/p>\n","protected":false},"author":1,"featured_media":0,"parent":0,"menu_order":115,"comment_status":"closed","ping_status":"closed","template":"page-one-column.php","meta":{"_acf_changed":false,"footnotes":""},"class_list":["post-2410","page","type-page","status-publish","hentry"],"acf":[],"_links":{"self":[{"href":"https:\/\/mastphotogrant.com\/it\/wp-json\/wp\/v2\/pages\/2410","targetHints":{"allow":["GET"]}}],"collection":[{"href":"https:\/\/mastphotogrant.com\/it\/wp-json\/wp\/v2\/pages"}],"about":[{"href":"https:\/\/mastphotogrant.com\/it\/wp-json\/wp\/v2\/types\/page"}],"author":[{"embeddable":true,"href":"https:\/\/mastphotogrant.com\/it\/wp-json\/wp\/v2\/users\/1"}],"replies":[{"embeddable":true,"href":"https:\/\/mastphotogrant.com\/it\/wp-json\/wp\/v2\/comments?post=2410"}],"version-history":[{"count":22,"href":"https:\/\/mastphotogrant.com\/it\/wp-json\/wp\/v2\/pages\/2410\/revisions"}],"predecessor-version":[{"id":2915,"href":"https:\/\/mastphotogrant.com\/it\/wp-json\/wp\/v2\/pages\/2410\/revisions\/2915"}],"wp:attachment":[{"href":"https:\/\/mastphotogrant.com\/it\/wp-json\/wp\/v2\/media?parent=2410"}],"curies":[{"name":"wp","href":"https:\/\/api.w.org\/{rel}","templated":true}]}}